{"id":148,"date":"2023-08-16T21:32:03","date_gmt":"2023-08-16T20:32:03","guid":{"rendered":"https:\/\/sieberedu.com\/?page_id=148"},"modified":"2025-04-11T19:41:06","modified_gmt":"2025-04-11T17:41:06","slug":"impressum","status":"publish","type":"page","link":"https:\/\/sieberedu.com\/de\/imprint\/","title":{"rendered":"Impressum"},"content":{"rendered":"<h3 class=\"wp-block-heading\"><br>Rechtliche Offenlegung<\/h3>\n\n\n\n<p><br>Informationen nach \u00a7 5 TMG\u00a0<br><br>Eduardo Arturo Sieber Artiles<br>Heubnerweg 9<br>14059 Berlin.<\/p>\n\n\n\n<h4 class=\"wp-block-heading\">Kontaktinformationen<\/h4>\n\n\n\n<p><br>E-Mail: <a href=\"mailto:hi@sieberedu.com\">hi@sieberedu.com<\/a><br>Internet-Adresse:&nbsp;<a href=\"https:\/\/sieberedu.com\/de\/\">https:\/\/sieberedu.com<\/a><\/p>\n\n\n\n<h4 class=\"wp-block-heading\">Umsatzsteueridentifikationsnummer<\/h4>\n\n\n\n<p>Umsatzsteuer-Identifikationsnummer gem\u00e4\u00df \u00a7 27 a Umsatzsteuergesetz (UStG)<br>DE317966842<\/p>\n\n\n\n<h4 class=\"wp-block-heading\">Reglementierte\/freie Berufe<\/h4>\n\n\n\n<p>Berufsbezeichnung: Digital Marketer, Informatiker, Webentwickler<\/p>\n\n\n\n<h4 class=\"wp-block-heading\">Grafiken und Bildquellen<\/h4>\n\n\n\n<p>https:\/\/www.freepik.com\/https:\/\/www.flaticon.com\/https:\/\/www.pexels.com\/https:\/\/www.freeimages.com\/<\/p>\n\n\n\n<h4 class=\"wp-block-heading\">Haftungsausschluss<\/h4>\n\n\n\n<p>Verantwortlichkeit f\u00fcr den Inhalt<br>Die Inhalte unserer Seiten wurden mit gr\u00f6\u00dfter Sorgfalt erstellt. F\u00fcr die Richtigkeit, Vollst\u00e4ndigkeit und Aktualit\u00e4t der Inhalte k\u00f6nnen wir jedoch keine Gew\u00e4hr \u00fcbernehmen. Gem\u00e4\u00df den gesetzlichen Bestimmungen sind wir dar\u00fcber hinaus f\u00fcr eigene Inhalte auf diesen Seiten verantwortlich. Wir weisen in diesem Zusammenhang darauf hin, dass wir nicht verpflichtet sind, \u00fcbermittelte oder gespeicherte fremde Informationen zu \u00fcberwachen oder nach Umst\u00e4nden zu forschen, die auf eine rechtswidrige T\u00e4tigkeit hinweisen. Verpflichtungen zur Entfernung oder Sperrung der Nutzung von Informationen nach den allgemeinen Gesetzen bleiben nach den \u00a7\u00a7 8 bis 10 TMG hiervon unber\u00fchrt.&nbsp;<br><br>Verantwortlichkeit f\u00fcr Links<br>F\u00fcr den Inhalt externer Links (zu Webseiten Dritter) sind ausschlie\u00dflich deren Betreiber verantwortlich. Zum Zeitpunkt der Verlinkung waren f\u00fcr uns keine Rechtsverst\u00f6\u00dfe ersichtlich. Bei Bekanntwerden von Rechtsverst\u00f6\u00dfen werden wir den entsprechenden Link umgehend entfernen.<br><br>Urheberrecht<br>Unsere Webseiten und deren Inhalte unterliegen dem deutschen Urheberrecht. Jede Form der Verwertung, Vervielf\u00e4ltigung oder Bearbeitung von urheberrechtlich gesch\u00fctzten Werken auf unseren Webseiten bedarf, soweit nicht ausdr\u00fccklich gesetzlich erlaubt, der vorherigen Zustimmung des jeweiligen Rechteinhabers. Einzelne Vervielf\u00e4ltigungen eines Werkes sind nur f\u00fcr den privaten Gebrauch gestattet. Die Materialien auf diesen Seiten sind urheberrechtlich gesch\u00fctzt und jede unerlaubte Nutzung kann gegen das Urheberrecht versto\u00dfen.&nbsp;<br><br><em>Quelle:&nbsp;<\/em><a href=\"http:\/\/www.translate-24h.de\/\" target=\"_blank\" rel=\"noreferrer noopener\">\u00dcbersetzungsdienst translate-24h.de<\/a>&nbsp;<\/p>","protected":false},"excerpt":{"rendered":"<p>Legal Disclosure Information in accordance with Section 5 TMG\u00a0 Eduardo Arturo Sieber [&hellip;]<\/p>\n","protected":false},"author":2,"featured_media":0,"parent":0,"menu_order":0,"comment_status":"closed","ping_status":"closed","template":"","meta":{"footnotes":""},"class_list":["post-148","page","type-page","status-publish","hentry"],"_links":{"self":[{"href":"https:\/\/sieberedu.com\/de\/wp-json\/wp\/v2\/pages\/148","targetHints":{"allow":["GET"]}}],"collection":[{"href":"https:\/\/sieberedu.com\/de\/wp-json\/wp\/v2\/pages"}],"about":[{"href":"https:\/\/sieberedu.com\/de\/wp-json\/wp\/v2\/types\/page"}],"author":[{"embeddable":true,"href":"https:\/\/sieberedu.com\/de\/wp-json\/wp\/v2\/users\/2"}],"replies":[{"embeddable":true,"href":"https:\/\/sieberedu.com\/de\/wp-json\/wp\/v2\/comments?post=148"}],"version-history":[{"count":6,"href":"https:\/\/sieberedu.com\/de\/wp-json\/wp\/v2\/pages\/148\/revisions"}],"predecessor-version":[{"id":1483,"href":"https:\/\/sieberedu.com\/de\/wp-json\/wp\/v2\/pages\/148\/revisions\/1483"}],"wp:attachment":[{"href":"https:\/\/sieberedu.com\/de\/wp-json\/wp\/v2\/media?parent=148"}],"curies":[{"name":"wp","href":"https:\/\/api.w.org\/{rel}","templated":true}]}}