{"id":3,"date":"2023-08-13T14:24:29","date_gmt":"2023-08-13T13:24:29","guid":{"rendered":"http:\/\/sieberedu.com\/?page_id=3"},"modified":"2024-04-23T09:12:44","modified_gmt":"2024-04-23T07:12:44","slug":"datenschutzbestimmungen","status":"publish","type":"page","link":"https:\/\/sieberedu.com\/de\/privacy-policy\/","title":{"rendered":"Datenschutzbestimmungen"},"content":{"rendered":"<p>Datum des Inkrafttretens: 30. Juli 2019<\/p>\n\n\n\n<p>Eduardo Sieber (\"wir\", \"wir\" oder \"unser\") betreibt die Website https:\/\/sieberedu.com\/ (im Folgenden als \"Service\" bezeichnet).<\/p>\n\n\n\n<p>Diese Seite informiert Sie \u00fcber unsere Richtlinien bez\u00fcglich der Erfassung, Verwendung und Weitergabe von pers\u00f6nlichen Daten, wenn Sie unseren Service nutzen, sowie \u00fcber die Wahlm\u00f6glichkeiten, die Sie im Zusammenhang mit diesen Daten haben.<\/p>\n\n\n\n<p>Wir verwenden Ihre Daten zur Bereitstellung und Verbesserung des Dienstes. Durch die Nutzung des Dienstes erkl\u00e4ren Sie sich mit der Erfassung und Verwendung von Daten in \u00dcbereinstimmung mit dieser Richtlinie einverstanden. Sofern in dieser Datenschutzrichtlinie nicht anders definiert, haben die in dieser Datenschutzrichtlinie verwendeten Begriffe dieselbe Bedeutung wie in unseren Allgemeinen Gesch\u00e4ftsbedingungen, die unter https:\/\/sieberedu.com\/ abrufbar sind.<\/p>\n\n\n\n<h4 class=\"wp-block-heading\">Definitionen<\/h4>\n\n\n\n<ul class=\"wp-block-list\">\n<li><strong>Dienst<\/strong>Dienst ist die von Eduardo Sieber betriebene Website https:\/\/sieberedu.com\/<\/li>\n\n\n\n<li><strong>Pers\u00f6nliche Daten<\/strong>Personenbezogene Daten sind Daten \u00fcber eine lebende Person, die anhand dieser Daten (oder anhand dieser und anderer Informationen, die sich entweder in unserem Besitz befinden oder in unseren Besitz gelangen k\u00f6nnen) identifiziert werden kann.<\/li>\n\n\n\n<li><strong>Verwendungsdaten<\/strong>Nutzungsdaten sind Daten, die automatisch entweder durch die Nutzung des Dienstes oder durch die Infrastruktur des Dienstes selbst (z. B. die Dauer eines Seitenbesuchs) erhoben werden.<\/li>\n\n\n\n<li><strong>Cookies<\/strong>Cookies sind kleine Dateien, die auf Ihrem Ger\u00e4t (Computer oder Mobilger\u00e4t) gespeichert werden. \"Cookies\" sind kleine Dateien, die auf den Computern der Nutzer gespeichert werden. In den Cookies k\u00f6nnen verschiedene Informationen gespeichert werden. Ein Cookie dient in erster Linie dazu, die Informationen \u00fcber einen Nutzer (oder das Ger\u00e4t, auf dem das Cookie gespeichert ist) w\u00e4hrend oder nach seinem Besuch eines Online-Angebots zu speichern. Tempor\u00e4re Cookies, auch \"Session-Cookies\" oder \"transiente Cookies\" genannt, sind Cookies, die gel\u00f6scht werden, nachdem ein Nutzer ein Online-Angebot verlassen und seinen Browser geschlossen hat. In einem solchen Cookie wird z.B. der Inhalt eines Warenkorbs in einem Online Shop oder ein Login-Status gespeichert. Als \"persistent\" oder \"dauerhaft\" werden Cookies bezeichnet, die auch nach dem Schlie\u00dfen des Browsers gespeichert bleiben. So wird z.B. der Login-Status gespeichert, wenn Nutzer diesen nach mehreren Tagen wieder besuchen. Ebenso k\u00f6nnen in einem solchen Cookie die Interessen der Nutzer gespeichert werden, die f\u00fcr Reichweitenmessung oder Marketingzwecke verwendet werden. Als \"Third-Party-Cookie\" werden Cookies bezeichnet, die von anderen Anbietern als dem Verantwortlichen f\u00fcr das Online-Angebot angeboten werden (ansonsten werden nur deren Cookies als \"First-Party-Cookies\" bezeichnet). Wir k\u00f6nnen tempor\u00e4re und permanente Cookies verwenden und kl\u00e4ren dar\u00fcber im Rahmen unserer Datenschutzerkl\u00e4rung auf Sofern wir Nutzer um eine Einwilligung in die Verwendung von Cookies bitten (z.B. im Rahmen einer Cookie-Einwilligung), ist die Rechtsgrundlage dieser Verarbeitung Art. 6 Abs. 1 lit. a. DSGVO. Ansonsten werden die personenbezogenen Cookies der Nutzer gem\u00e4\u00df den nachfolgenden Ausf\u00fchrungen im Rahmen dieser Datenschutzerkl\u00e4rung auf Grundlage unserer berechtigten Interessen (d.h. Interesse an der Analyse, Optimierung und wirtschaftlichem Betrieb unseres Onlineangebotes im Sinne des Art. 6 Abs. 1 lit. DSGVO) oder wenn der Einsatz von Cookies zur Erbringung unserer vertraglichen Leistungen erforderlich ist, gem\u00e4\u00df Art. Art. 6 Abs.. 1 lit. b. DSGVO, oder wenn die Verwendung von Cookies f\u00fcr die Wahrnehmung einer Aufgabe erforderlich ist, die im \u00f6ffentlichen Interesse liegt oder in Aus\u00fcbung \u00f6ffentlicher Gewalt erfolgt, gem. Art. 6 Abs.. 1 lit. e. DSGVO, verarbeitet. Wenn Nutzer nicht m\u00f6chten, dass Cookies auf ihrem Rechner gespeichert werden, werden sie gebeten, diese Option in den Systemeinstellungen ihres Browsers zu deaktivieren. Gespeicherte Cookies k\u00f6nnen in den Systemeinstellungen des Browsers gel\u00f6scht werden. Der Ausschluss von Cookies kann zu Funktionseinschr\u00e4nkungen dieses Onlineangebotes f\u00fchren. Ein genereller Widerspruch gegen die Verwendung von Cookies zu Online-Marketing-Zwecken findet sich bei einer Vielzahl von Diensten, insbesondere beim Tracking, \u00fcber die US-Website&nbsp;<a href=\"https:\/\/siebweb.com\/privacy-policy\/#\" target=\"_blank\" rel=\"noopener\">http:\/\/www.aboutads.info\/choices\/<\/a>&nbsp;oder der EU-Seite http:\/\/www.youronlinechoices.com\/ erkl\u00e4rt werden. Dar\u00fcber hinaus kann die Speicherung von Cookies durch Abschalten in den Einstellungen des Browsers erreicht werden. Bitte beachten Sie, dass nicht alle Funktionen dieses Online-Angebots genutzt werden k\u00f6nnen.<\/li>\n\n\n\n<li><strong>Datenkontrolleur<\/strong>Datenverantwortlicher ist die nat\u00fcrliche oder juristische Person, die (entweder allein oder gemeinsam mit anderen Personen) die Zwecke und die Art und Weise der Verarbeitung personenbezogener Daten bestimmt.<\/li>\n\n\n\n<li><strong>Datenverarbeiter (oder Dienstanbieter)<\/strong>Datenverarbeiter (oder Dienstleister) ist jede nat\u00fcrliche oder juristische Person, die die Daten im Auftrag des f\u00fcr die Verarbeitung Verantwortlichen verarbeitet; wir k\u00f6nnen die Dienste verschiedener Dienstleister in Anspruch nehmen, um Ihre Daten effizienter zu verarbeiten.<\/li>\n\n\n\n<li><strong>Betroffene Person (oder Nutzer)<\/strong>Betroffene Person ist jede lebende Person, die unseren Dienst nutzt und Gegenstand von personenbezogenen Daten ist.<\/li>\n<\/ul>\n\n\n\n<h4 class=\"wp-block-heading\">Sammlung und Verwendung von Informationen<\/h4>\n\n\n\n<p>Wir sammeln verschiedene Arten von Informationen zu unterschiedlichen Zwecken, um unseren Service f\u00fcr Sie bereitzustellen und zu verbessern.<\/p>\n\n\n\n<h3 class=\"wp-block-heading\">Arten von gesammelten Daten<\/h3>\n\n\n\n<h4 class=\"wp-block-heading\">Pers\u00f6nliche Daten<\/h4>\n\n\n\n<p>Bei der Nutzung unseres Dienstes k\u00f6nnen wir Sie bitten, uns bestimmte personenbezogene Daten mitzuteilen, die dazu verwendet werden k\u00f6nnen, Sie zu kontaktieren oder zu identifizieren (\"personenbezogene Daten\"). Pers\u00f6nlich identifizierbare Daten k\u00f6nnen unter anderem sein:<\/p>\n\n\n\n<ul class=\"wp-block-list\">\n<li>E-Mail Adresse<\/li>\n\n\n\n<li>Vorname und Nachname<\/li>\n\n\n\n<li>Rufnummer<\/li>\n\n\n\n<li>Cookies und Nutzungsdaten<\/li>\n<\/ul>\n\n\n\n<p>Wir k\u00f6nnen Ihre pers\u00f6nlichen Daten verwenden, um Ihnen Newsletter, Marketing- oder Werbematerial und andere Informationen zukommen zu lassen, die f\u00fcr Sie von Interesse sein k\u00f6nnten. Sie haben die M\u00f6glichkeit, den Erhalt einzelner oder aller dieser Mitteilungen von uns abzulehnen, indem Sie dem Abmeldelink oder den Anweisungen in jeder von uns gesendeten E-Mail folgen oder uns kontaktieren.<\/p>\n\n\n\n<h4 class=\"wp-block-heading\">Verwendungsdaten<\/h4>\n\n\n\n<p>Wir k\u00f6nnen auch Informationen dar\u00fcber sammeln, wie auf den Dienst zugegriffen wird und wie er genutzt wird (\"Nutzungsdaten\"). Diese Nutzungsdaten k\u00f6nnen Informationen wie die Internetprotokolladresse Ihres Computers (z. B. IP-Adresse), den Browsertyp, die Browserversion, die von Ihnen besuchten Seiten unseres Dienstes, die Uhrzeit und das Datum Ihres Besuchs, die auf diesen Seiten verbrachte Zeit, eindeutige Ger\u00e4tekennungen und andere Diagnosedaten umfassen.<\/p>\n\n\n\n<h4 class=\"wp-block-heading\">Tracking &amp; Cookies Daten<\/h4>\n\n\n\n<p>Wir verwenden Cookies und \u00e4hnliche Tracking-Technologien, um die Aktivit\u00e4ten auf unserem Service zu verfolgen, und wir speichern bestimmte Informationen.<\/p>\n\n\n\n<p>Cookies sind Dateien mit einer kleinen Menge von Daten, die eine anonyme eindeutige Kennung enthalten k\u00f6nnen. Cookies werden von einer Website an Ihren Browser gesendet und auf Ihrem Ger\u00e4t gespeichert. Es werden auch andere Tracking-Technologien wie Beacons, Tags und Skripte verwendet, um Informationen zu sammeln und zu verfolgen und um unseren Dienst zu verbessern und zu analysieren.<\/p>\n\n\n\n<p>Sie k\u00f6nnen Ihren Browser so einstellen, dass alle Cookies abgelehnt werden oder dass er anzeigt, wenn ein Cookie gesendet wird. Wenn Sie jedoch keine Cookies akzeptieren, k\u00f6nnen Sie m\u00f6glicherweise einige Teile unseres Dienstes nicht nutzen.<\/p>\n\n\n\n<p>Beispiele f\u00fcr von uns verwendete Cookies:<\/p>\n\n\n\n<ul class=\"wp-block-list\">\n<li><strong>Sitzungs-Cookies.<\/strong>&nbsp;Wir verwenden Sitzungs-Cookies, um unseren Dienst zu betreiben.<\/li>\n\n\n\n<li><strong>Pr\u00e4ferenz-Cookies.<\/strong>&nbsp;Wir verwenden Pr\u00e4ferenz-Cookies, um Ihre Pr\u00e4ferenzen und verschiedene Einstellungen zu speichern.<\/li>\n\n\n\n<li><strong>Sicherheits-Cookies.<\/strong>&nbsp;Wir verwenden Sicherheits-Cookies f\u00fcr Sicherheitszwecke.<\/li>\n<\/ul>\n\n\n\n<h4 class=\"wp-block-heading\">Verwendung von Daten<\/h4>\n\n\n\n<p>Eduardo Sieber verwendet die gesammelten Daten f\u00fcr verschiedene Zwecke:<\/p>\n\n\n\n<ul class=\"wp-block-list\">\n<li>Zur Bereitstellung und Aufrechterhaltung unseres Dienstes<\/li>\n\n\n\n<li>Um Sie \u00fcber \u00c4nderungen an unserem Service zu informieren<\/li>\n\n\n\n<li>Um Ihnen die Teilnahme an interaktiven Funktionen unseres Dienstes zu erm\u00f6glichen, wenn Sie dies w\u00fcnschen<\/li>\n\n\n\n<li>Kundenunterst\u00fctzung bieten<\/li>\n\n\n\n<li>Um Analysen oder wertvolle Informationen zu sammeln, damit wir unseren Service verbessern k\u00f6nnen<\/li>\n\n\n\n<li>Um die Nutzung unseres Dienstes zu \u00fcberwachen<\/li>\n\n\n\n<li>Erkennen, Vorbeugen und Beheben technischer Probleme<\/li>\n\n\n\n<li>Um Ihnen Nachrichten, Sonderangebote und allgemeine Informationen \u00fcber andere Waren, Dienstleistungen und Veranstaltungen zukommen zu lassen, die wir anbieten und die denen \u00e4hnlich sind, die Sie bereits gekauft oder angefragt haben, es sei denn, Sie haben sich gegen den Erhalt solcher Informationen entschieden<\/li>\n<\/ul>\n\n\n\n<h4 class=\"wp-block-heading\">Rechtsgrundlage f\u00fcr die Verarbeitung personenbezogener Daten gem\u00e4\u00df der Allgemeinen Datenschutzverordnung (GDPR)<\/h4>\n\n\n\n<p>Wenn Sie aus dem Europ\u00e4ischen Wirtschaftsraum (EWR) kommen, h\u00e4ngt die Rechtsgrundlage f\u00fcr die Erfassung und Verwendung der in dieser Datenschutzerkl\u00e4rung beschriebenen pers\u00f6nlichen Daten von Eduardo Sieber von den pers\u00f6nlichen Daten ab, die wir erfassen, sowie von dem spezifischen Kontext, in dem wir sie erfassen.<\/p>\n\n\n\n<p>Eduardo Sieber kann Ihre pers\u00f6nlichen Daten verarbeiten, weil:<\/p>\n\n\n\n<ul class=\"wp-block-list\">\n<li>Wir m\u00fcssen einen Vertrag mit Ihnen erf\u00fcllen<\/li>\n\n\n\n<li>Sie haben uns die Erlaubnis dazu gegeben<\/li>\n\n\n\n<li>Die Verarbeitung erfolgt in unserem berechtigten Interesse und wird nicht durch Ihre Rechte aufgehoben.<\/li>\n\n\n\n<li>Zum Zwecke der Zahlungsabwicklung<\/li>\n\n\n\n<li>Zur Einhaltung der gesetzlichen Bestimmungen<\/li>\n<\/ul>\n\n\n\n<h4 class=\"wp-block-heading\">Aufbewahrung von Daten<\/h4>\n\n\n\n<p>Eduardo Sieber wird Ihre pers\u00f6nlichen Daten nur so lange aufbewahren, wie es f\u00fcr die in dieser Datenschutzerkl\u00e4rung genannten Zwecke erforderlich ist. Wir werden Ihre Pers\u00f6nlichen Daten aufbewahren und verwenden, soweit dies notwendig ist, um unseren rechtlichen Verpflichtungen nachzukommen (z.B. wenn wir Ihre Daten aufbewahren m\u00fcssen, um geltende Gesetze einzuhalten), Streitigkeiten beizulegen und unsere rechtlichen Vereinbarungen und Richtlinien durchzusetzen.<\/p>\n\n\n\n<p>Eduardo Sieber wird die Nutzungsdaten auch f\u00fcr interne Analysezwecke aufbewahren. Nutzungsdaten werden in der Regel f\u00fcr einen k\u00fcrzeren Zeitraum aufbewahrt, es sei denn, diese Daten werden verwendet, um die Sicherheit oder die Funktionalit\u00e4t unseres Service zu verbessern, oder wir sind gesetzlich verpflichtet, diese Daten f\u00fcr l\u00e4ngere Zeit aufzubewahren.<\/p>\n\n\n\n<h4 class=\"wp-block-heading\">\u00dcbertragung von Daten<\/h4>\n\n\n\n<p>Ihre Informationen, einschlie\u00dflich personenbezogener Daten, k\u00f6nnen an Computer au\u00dferhalb Ihres Staates, Ihrer Provinz, Ihres Landes oder anderer staatlicher Zust\u00e4ndigkeitsbereiche, in denen die Datenschutzgesetze von denen Ihres Zust\u00e4ndigkeitsbereichs abweichen k\u00f6nnen, \u00fcbertragen und dort gespeichert werden.<\/p>\n\n\n\n<p>Wenn Sie sich au\u00dferhalb Deutschlands befinden und uns Informationen zur Verf\u00fcgung stellen, beachten Sie bitte, dass wir die Daten, einschlie\u00dflich personenbezogener Daten, nach Deutschland \u00fcbertragen und dort verarbeiten.<\/p>\n\n\n\n<p>Mit Ihrer Zustimmung zu dieser Datenschutzrichtlinie und der anschlie\u00dfenden \u00dcbermittlung solcher Informationen erkl\u00e4ren Sie sich mit dieser \u00dcbertragung einverstanden.<\/p>\n\n\n\n<p>Eduardo Sieber wird alle angemessenen Ma\u00dfnahmen ergreifen, um sicherzustellen, dass Ihre Daten sicher und in \u00dcbereinstimmung mit dieser Datenschutzrichtlinie behandelt werden, und es wird keine \u00dcbermittlung Ihrer pers\u00f6nlichen Daten an eine Organisation oder ein Land stattfinden, es sei denn, es sind angemessene Kontrollen vorhanden, die die Sicherheit Ihrer Daten und anderer pers\u00f6nlicher Informationen einschlie\u00dfen.<\/p>\n\n\n\n<h3 class=\"wp-block-heading\">Offenlegung von Daten<\/h3>\n\n\n\n<h4 class=\"wp-block-heading\">Rechtliche Anforderungen<\/h4>\n\n\n\n<p>Eduardo Sieber kann Ihre pers\u00f6nlichen Daten im guten Glauben offenlegen, dass eine solche Handlung notwendig ist, um:<\/p>\n\n\n\n<ul class=\"wp-block-list\">\n<li>Um einer gesetzlichen Verpflichtung nachzukommen<\/li>\n\n\n\n<li>Zum Schutz und zur Verteidigung der Rechte und des Eigentums von Eduardo Sieber<\/li>\n\n\n\n<li>Um m\u00f6gliches Fehlverhalten im Zusammenhang mit dem Dienst zu verhindern oder zu untersuchen<\/li>\n\n\n\n<li>Zum Schutz der pers\u00f6nlichen Sicherheit von Nutzern des Dienstes oder der \u00d6ffentlichkeit<\/li>\n\n\n\n<li>Zum Schutz vor rechtlicher Haftung<\/li>\n<\/ul>\n\n\n\n<h4 class=\"wp-block-heading\">Sicherheit der Daten<\/h4>\n\n\n\n<p>Die Sicherheit Ihrer Daten ist uns wichtig, aber denken Sie daran, dass keine Methode der \u00dcbertragung \u00fcber das Internet oder der elektronischen Speicherung 100% sicher ist. Obwohl wir uns bem\u00fchen, Ihre personenbezogenen Daten mit wirtschaftlich vertretbaren Mitteln zu sch\u00fctzen, k\u00f6nnen wir ihre absolute Sicherheit nicht garantieren.<\/p>\n\n\n\n<h4 class=\"wp-block-heading\">Ihre Datenschutzrechte gem\u00e4\u00df der Allgemeinen Datenschutzverordnung (GDPR)<\/h4>\n\n\n\n<p>Wenn Sie im Europ\u00e4ischen Wirtschaftsraum (EWR) ans\u00e4ssig sind, haben Sie bestimmte Datenschutzrechte. Eduardo Sieber ist bestrebt, angemessene Ma\u00dfnahmen zu ergreifen, damit Sie Ihre personenbezogenen Daten korrigieren, \u00e4ndern, l\u00f6schen oder deren Verwendung einschr\u00e4nken k\u00f6nnen.<\/p>\n\n\n\n<p>Wenn Sie dar\u00fcber informiert werden m\u00f6chten, welche personenbezogenen Daten wir \u00fcber Sie gespeichert haben, und wenn Sie m\u00f6chten, dass diese aus unseren Systemen entfernt werden, kontaktieren Sie uns bitte.<\/p>\n\n\n\n<p>Unter bestimmten Umst\u00e4nden haben Sie die folgenden Datenschutzrechte:<\/p>\n\n\n\n<ul class=\"wp-block-list\">\n<li><strong>Das Recht, auf die \u00fcber Sie gespeicherten Daten zuzugreifen, sie zu aktualisieren oder zu l\u00f6schen.<\/strong>&nbsp;Wann immer es m\u00f6glich ist, k\u00f6nnen Sie direkt in den Einstellungen Ihres Kontos auf Ihre personenbezogenen Daten zugreifen, sie aktualisieren oder ihre L\u00f6schung beantragen. Sollten Sie nicht in der Lage sein, diese Aktionen selbst durchzuf\u00fchren, wenden Sie sich bitte an uns, damit wir Ihnen helfen k\u00f6nnen.<\/li>\n\n\n\n<li><strong>Das Recht auf Berichtigung.<\/strong>&nbsp;Sie haben das Recht, Ihre Daten zu berichtigen, wenn diese ungenau oder unvollst\u00e4ndig sind.<\/li>\n\n\n\n<li><strong>Das Recht auf Widerspruch.<\/strong>&nbsp;Sie haben das Recht, der Verarbeitung Ihrer personenbezogenen Daten durch uns zu widersprechen.<\/li>\n\n\n\n<li><strong>Das Recht auf Einschr\u00e4nkung.<\/strong>&nbsp;Sie haben das Recht zu verlangen, dass wir die Verarbeitung Ihrer personenbezogenen Daten einschr\u00e4nken.<\/li>\n\n\n\n<li><strong>Das Recht auf Daten\u00fcbertragbarkeit.<\/strong>&nbsp;Sie haben das Recht, eine Kopie der Informationen, die wir \u00fcber Sie gespeichert haben, in einem strukturierten, maschinenlesbaren und allgemein gebr\u00e4uchlichen Format zu erhalten.<\/li>\n\n\n\n<li><strong>Das Recht auf Widerruf der Zustimmung.<\/strong>&nbsp;Sie haben auch das Recht, Ihre Zustimmung jederzeit zu widerrufen, wenn Eduardo Sieber sich auf Ihre Zustimmung zur Verarbeitung Ihrer pers\u00f6nlichen Daten verlassen hat.<\/li>\n<\/ul>\n\n\n\n<p>Bitte beachten Sie, dass wir Sie m\u00f6glicherweise auffordern, Ihre Identit\u00e4t zu \u00fcberpr\u00fcfen, bevor wir auf solche Anfragen antworten.<\/p>\n\n\n\n<p>Sie haben das Recht, sich bei einer Datenschutzbeh\u00f6rde \u00fcber die Erhebung und Verwendung Ihrer personenbezogenen Daten durch uns zu beschweren. F\u00fcr weitere Informationen wenden Sie sich bitte an Ihre lokale Datenschutzbeh\u00f6rde im Europ\u00e4ischen Wirtschaftsraum (EWR).<\/p>\n\n\n\n<h4 class=\"wp-block-heading\">Anbieter von Dienstleistungen<\/h4>\n\n\n\n<p>Wir k\u00f6nnen Drittunternehmen und Einzelpersonen damit beauftragen, unseren Dienst zu erleichtern (\"Dienstanbieter\"), den Dienst in unserem Namen bereitzustellen, dienstbezogene Dienste zu erbringen oder uns bei der Analyse der Nutzung unseres Dienstes zu unterst\u00fctzen.<\/p>\n\n\n\n<p>Diese Dritten haben nur Zugang zu Ihren pers\u00f6nlichen Daten, um diese Aufgaben in unserem Auftrag zu erf\u00fcllen, und sind verpflichtet, sie nicht weiterzugeben oder f\u00fcr andere Zwecke zu verwenden.<\/p>\n\n\n\n<h4 class=\"wp-block-heading\">Analytik<\/h4>\n\n\n\n<p>Wir k\u00f6nnen Drittanbieter einsetzen, um die Nutzung unseres Dienstes zu \u00fcberwachen und zu analysieren.<\/p>\n\n\n\n<ul class=\"wp-block-list\">\n<li><strong>Google Analytics<\/strong>Google Analytics ist ein von Google angebotener Webanalysedienst, der den Website-Verkehr verfolgt und berichtet. Google verwendet die gesammelten Daten, um die Nutzung unseres Dienstes zu verfolgen und zu \u00fcberwachen. Diese Daten werden mit anderen Google-Diensten geteilt. Google kann die gesammelten Daten verwenden, um die Anzeigen seines eigenen Werbenetzwerks zu kontextualisieren und zu personalisieren.Sie k\u00f6nnen sich dagegen wehren, dass Ihre Aktivit\u00e4ten auf dem Service Google Analytics zur Verf\u00fcgung gestellt werden, indem Sie das Browser-Add-on Google Analytics opt-out installieren. Das Add-on verhindert, dass das Google Analytics JavaScript (ga.js, analytics.js und dc.js) Informationen \u00fcber die Besuchsaktivit\u00e4ten an Google Analytics weitergibt:&nbsp;<a href=\"https:\/\/policies.google.com\/privacy?hl=en\" target=\"_blank\" rel=\"noopener\">https:\/\/policies.google.com\/privacy?hl=en<\/a><\/li>\n<\/ul>\n\n\n\n<h4 class=\"wp-block-heading\">Zahlungen<\/h4>\n\n\n\n<p>Wir k\u00f6nnen im Rahmen des Dienstes kostenpflichtige Produkte und\/oder Dienstleistungen anbieten. In diesem Fall nutzen wir Dienstleistungen Dritter f\u00fcr die Zahlungsabwicklung (z. B. Zahlungsabwickler).<\/p>\n\n\n\n<p>Wir speichern oder erfassen Ihre Zahlungskartendaten nicht. Diese Informationen werden direkt an unsere externen Zahlungsabwickler weitergegeben, deren Verwendung Ihrer pers\u00f6nlichen Daten durch deren Datenschutzrichtlinien geregelt ist. Diese Zahlungsabwickler halten sich an die vom PCI-DSS festgelegten Standards, die vom PCI Security Standards Council verwaltet werden, einer gemeinsamen Initiative von Marken wie Visa, MasterCard, American Express und Discover. Die PCI-DSS-Anforderungen tragen dazu bei, den sicheren Umgang mit Zahlungsdaten zu gew\u00e4hrleisten.<\/p>\n\n\n\n<p>Wir arbeiten mit den folgenden Zahlungsdienstleistern zusammen:<\/p>\n\n\n\n<ul class=\"wp-block-list\">\n<li><strong>Streifen<\/strong>Die Datenschutzbestimmungen k\u00f6nnen eingesehen werden unter&nbsp;<a href=\"https:\/\/stripe.com\/us\/privacy\" target=\"_blank\" rel=\"noopener\">https:\/\/stripe.com\/us\/privacy<\/a><\/li>\n\n\n\n<li><strong>PayPal \/ Braintree<\/strong>Die Datenschutzbestimmungen k\u00f6nnen eingesehen werden unter&nbsp;<a href=\"https:\/\/www.paypal.com\/webapps\/mpp\/ua\/privacy-full\" target=\"_blank\" rel=\"noopener\">https:\/\/www.paypal.com\/webapps\/mpp\/ua\/privacy-full<\/a><\/li>\n<\/ul>\n\n\n\n<h4 class=\"wp-block-heading\">Links zu anderen Seiten<\/h4>\n\n\n\n<p>Unser Service kann Links zu anderen Websites enthalten, die nicht von uns betrieben werden. Wenn Sie auf einen Link einer dritten Partei klicken, werden Sie auf die Seite dieser dritten Partei weitergeleitet. Wir empfehlen Ihnen dringend, die Datenschutzrichtlinien jeder Seite, die Sie besuchen, zu lesen.<\/p>\n\n\n\n<p>Wir haben keine Kontrolle \u00fcber und \u00fcbernehmen keine Verantwortung f\u00fcr den Inhalt, die Datenschutzrichtlinien oder Praktiken von Websites oder Diensten Dritter.<\/p>\n\n\n\n<h4 class=\"wp-block-heading\">Datenschutz f\u00fcr Kinder<\/h4>\n\n\n\n<p>Unser Service richtet sich nicht an Personen unter 18 Jahren (\"Kinder\").<\/p>\n\n\n\n<p>Wir sammeln nicht wissentlich personenbezogene Daten von Personen unter 18 Jahren. Wenn Sie ein Elternteil oder Erziehungsberechtigter sind und wissen, dass Ihr Kind uns personenbezogene Daten zur Verf\u00fcgung gestellt hat, kontaktieren Sie uns bitte. Wenn wir erfahren, dass wir personenbezogene Daten von Kindern ohne \u00dcberpr\u00fcfung der elterlichen Zustimmung erfasst haben, ergreifen wir Ma\u00dfnahmen, um diese Daten von unseren Servern zu entfernen.<\/p>\n\n\n\n<h4 class=\"wp-block-heading\">\u00c4nderungen an dieser Datenschutzrichtlinie<\/h4>\n\n\n\n<p>Wir k\u00f6nnen unsere Datenschutzrichtlinie von Zeit zu Zeit aktualisieren. Wir werden Sie \u00fcber alle \u00c4nderungen informieren, indem wir die neue Datenschutzrichtlinie auf dieser Seite ver\u00f6ffentlichen.<\/p>\n\n\n\n<p>Wir werden Sie per E-Mail und\/oder durch einen auff\u00e4lligen Hinweis in unserem Service informieren, bevor die \u00c4nderung in Kraft tritt, und das Datum des Inkrafttretens\" am Anfang dieser Datenschutzrichtlinie aktualisieren.<\/p>\n\n\n\n<p>Wir empfehlen Ihnen, diese Datenschutzrichtlinie regelm\u00e4\u00dfig auf \u00c4nderungen zu \u00fcberpr\u00fcfen. \u00c4nderungen an dieser Datenschutzrichtlinie werden wirksam, wenn sie auf dieser Seite ver\u00f6ffentlicht werden.<\/p>\n\n\n\n<h4 class=\"wp-block-heading\">Kontakt<\/h4>\n\n\n\n<p>Wenn Sie Fragen zu dieser Datenschutzrichtlinie haben, wenden Sie sich bitte an uns:<\/p>\n\n\n\n<ul class=\"wp-block-list\">\n<li>Per E-Mail: <a href=\"mailto:hi@sieberedu.com\">hi@sieberedu.com<\/a><\/li>\n\n\n\n<li>Durch den Besuch dieser Seite auf unserer Website:&nbsp;<a href=\"https:\/\/sieberedu.com\/de\/kontakt\/\">https:\/\/sieberedu.com\/contact<\/a><\/li>\n<\/ul>","protected":false},"excerpt":{"rendered":"<p>Effective date: July 30, 2019 Eduardo Sieber (\u201cus\u201d, \u201cwe\u201d, or \u201cour\u201d) operates [&hellip;]<\/p>\n","protected":false},"author":1,"featured_media":0,"parent":0,"menu_order":0,"comment_status":"closed","ping_status":"open","template":"","meta":{"footnotes":""},"class_list":["post-3","page","type-page","status-publish","hentry"],"_links":{"self":[{"href":"https:\/\/sieberedu.com\/de\/wp-json\/wp\/v2\/pages\/3","targetHints":{"allow":["GET"]}}],"collection":[{"href":"https:\/\/sieberedu.com\/de\/wp-json\/wp\/v2\/pages"}],"about":[{"href":"https:\/\/sieberedu.com\/de\/wp-json\/wp\/v2\/types\/page"}],"author":[{"embeddable":true,"href":"https:\/\/sieberedu.com\/de\/wp-json\/wp\/v2\/users\/1"}],"replies":[{"embeddable":true,"href":"https:\/\/sieberedu.com\/de\/wp-json\/wp\/v2\/comments?post=3"}],"version-history":[{"count":3,"href":"https:\/\/sieberedu.com\/de\/wp-json\/wp\/v2\/pages\/3\/revisions"}],"predecessor-version":[{"id":630,"href":"https:\/\/sieberedu.com\/de\/wp-json\/wp\/v2\/pages\/3\/revisions\/630"}],"wp:attachment":[{"href":"https:\/\/sieberedu.com\/de\/wp-json\/wp\/v2\/media?parent=3"}],"curies":[{"name":"wp","href":"https:\/\/api.w.org\/{rel}","templated":true}]}}