{"id":148,"date":"2023-08-16T21:32:03","date_gmt":"2023-08-16T20:32:03","guid":{"rendered":"https:\/\/sieberedu.com\/?page_id=148"},"modified":"2025-04-11T19:41:06","modified_gmt":"2025-04-11T17:41:06","slug":"imprimir","status":"publish","type":"page","link":"https:\/\/sieberedu.com\/es\/imprint\/","title":{"rendered":"Pie de imprenta"},"content":{"rendered":"<h3 class=\"wp-block-heading\"><br>Aviso legal<\/h3>\n\n\n\n<p><br>Informaci\u00f3n conforme a la secci\u00f3n 5 de la TMG\u00a0<br><br>Eduardo Arturo Sieber Artiles<br>Heubnerweg 9<br>14059 Berl\u00edn.<\/p>\n\n\n\n<h4 class=\"wp-block-heading\">Informaci\u00f3n de contacto<\/h4>\n\n\n\n<p><br>E-Mail: <a href=\"mailto:hi@sieberedu.com\">hi@sieberedu.com<\/a><br>Direcci\u00f3n de Internet:&nbsp;<a href=\"https:\/\/sieberedu.com\/es\/\">https:\/\/sieberedu.com<\/a><\/p>\n\n\n\n<h4 class=\"wp-block-heading\">N\u00famero de IVA<\/h4>\n\n\n\n<p>N\u00famero de identificaci\u00f3n a efectos del IVA de conformidad con el art\u00edculo 27 a de la Ley alemana del IVA<br>DE317966842<\/p>\n\n\n\n<h4 class=\"wp-block-heading\">Profesiones reguladas \/ independientes<\/h4>\n\n\n\n<p>Puesto de trabajo: Comercializador digital, inform\u00e1tico, desarrollador web<\/p>\n\n\n\n<h4 class=\"wp-block-heading\">Gr\u00e1ficos y fuentes de im\u00e1genes<\/h4>\n\n\n\n<p>https:\/\/www.freepik.com\/https:\/\/www.flaticon.com\/https:\/\/www.pexels.com\/https:\/\/www.freeimages.com\/<\/p>\n\n\n\n<h4 class=\"wp-block-heading\">Descargo de responsabilidad<\/h4>\n\n\n\n<p>Responsabilidad por los contenidos<br>Los contenidos de nuestras p\u00e1ginas se han elaborado con el m\u00e1ximo cuidado. Sin embargo, no podemos garantizar la exactitud, integridad o actualidad de los contenidos. De acuerdo con las disposiciones legales, somos adem\u00e1s responsables de nuestros propios contenidos en estas p\u00e1ginas web. A este respecto, tenga en cuenta que no estamos obligados a controlar la informaci\u00f3n transmitida o guardada por terceros, ni a investigar circunstancias que apunten a una actividad ilegal. Nuestras obligaciones de eliminar o bloquear el uso de informaci\u00f3n en virtud de las leyes de aplicaci\u00f3n general no se ven afectadas por ello, seg\u00fan los art\u00edculos 8 a 10 de la Ley de Telemedios (TMG).&nbsp;<br><br>Responsabilidad de los enlaces<br>La responsabilidad del contenido de los enlaces externos (a p\u00e1ginas web de terceros) recae exclusivamente en los operadores de las p\u00e1ginas enlazadas. En el momento de establecer el enlace no ten\u00edamos conocimiento de ninguna infracci\u00f3n. En caso de que tengamos conocimiento de alguna infracci\u00f3n legal, eliminaremos inmediatamente el enlace correspondiente.<br><br>Copyright<br>Nuestras p\u00e1ginas web y sus contenidos est\u00e1n sujetos a la legislaci\u00f3n alemana sobre derechos de autor. A menos que est\u00e9 expresamente permitido por la ley, cualquier forma de utilizaci\u00f3n, reproducci\u00f3n o procesamiento de obras sujetas a protecci\u00f3n de derechos de autor en nuestras p\u00e1ginas web requiere el consentimiento previo del respectivo titular de los derechos. Las reproducciones individuales de una obra s\u00f3lo est\u00e1n permitidas para uso privado. Los materiales de estas p\u00e1ginas est\u00e1n protegidos por derechos de autor y cualquier uso no autorizado puede infringir las leyes de propiedad intelectual.&nbsp;<br><br><em>Fuente:&nbsp;<\/em><a href=\"http:\/\/www.translate-24h.de\/\" target=\"_blank\" rel=\"noreferrer noopener\">\u00dcbersetzungsdienst translate-24h.de<\/a>&nbsp;<\/p>","protected":false},"excerpt":{"rendered":"<p>Legal Disclosure Information in accordance with Section 5 TMG\u00a0 Eduardo Arturo Sieber [&hellip;]<\/p>\n","protected":false},"author":2,"featured_media":0,"parent":0,"menu_order":0,"comment_status":"closed","ping_status":"closed","template":"","meta":{"footnotes":""},"class_list":["post-148","page","type-page","status-publish","hentry"],"_links":{"self":[{"href":"https:\/\/sieberedu.com\/es\/wp-json\/wp\/v2\/pages\/148","targetHints":{"allow":["GET"]}}],"collection":[{"href":"https:\/\/sieberedu.com\/es\/wp-json\/wp\/v2\/pages"}],"about":[{"href":"https:\/\/sieberedu.com\/es\/wp-json\/wp\/v2\/types\/page"}],"author":[{"embeddable":true,"href":"https:\/\/sieberedu.com\/es\/wp-json\/wp\/v2\/users\/2"}],"replies":[{"embeddable":true,"href":"https:\/\/sieberedu.com\/es\/wp-json\/wp\/v2\/comments?post=148"}],"version-history":[{"count":6,"href":"https:\/\/sieberedu.com\/es\/wp-json\/wp\/v2\/pages\/148\/revisions"}],"predecessor-version":[{"id":1483,"href":"https:\/\/sieberedu.com\/es\/wp-json\/wp\/v2\/pages\/148\/revisions\/1483"}],"wp:attachment":[{"href":"https:\/\/sieberedu.com\/es\/wp-json\/wp\/v2\/media?parent=148"}],"curies":[{"name":"wp","href":"https:\/\/api.w.org\/{rel}","templated":true}]}}