{"id":3,"date":"2023-08-13T14:24:29","date_gmt":"2023-08-13T13:24:29","guid":{"rendered":"http:\/\/sieberedu.com\/?page_id=3"},"modified":"2024-04-23T09:12:44","modified_gmt":"2024-04-23T07:12:44","slug":"politica-de-privacidad","status":"publish","type":"page","link":"https:\/\/sieberedu.com\/es\/privacy-policy\/","title":{"rendered":"Pol\u00edtica de privacidad"},"content":{"rendered":"<p>Fecha de entrada en vigor: 30 de julio de 2019<\/p>\n\n\n\n<p>Eduardo Sieber (en adelante, \"nosotros\" o \"nuestro\") gestiona el sitio web https:\/\/sieberedu.com\/ (en adelante, el \"Servicio\").<\/p>\n\n\n\n<p>Esta p\u00e1gina le informa de nuestras pol\u00edticas relativas a la recogida, uso y divulgaci\u00f3n de datos personales cuando utiliza nuestro Servicio y de las opciones que tiene asociadas a esos datos.<\/p>\n\n\n\n<p>Utilizamos sus datos para proporcionar y mejorar el Servicio. Al utilizar el Servicio, usted acepta la recopilaci\u00f3n y el uso de la informaci\u00f3n de acuerdo con esta pol\u00edtica. Salvo que se definan de otro modo en la presente Pol\u00edtica de Privacidad, los t\u00e9rminos utilizados en ella tienen el mismo significado que en nuestras Condiciones Generales, accesibles desde https:\/\/sieberedu.com\/.<\/p>\n\n\n\n<h4 class=\"wp-block-heading\">Definiciones<\/h4>\n\n\n\n<ul class=\"wp-block-list\">\n<li><strong>Servicio<\/strong>Servicio es el sitio web https:\/\/sieberedu.com\/ operado por Eduardo Sieber<\/li>\n\n\n\n<li><strong>Datos personales<\/strong>Por Datos Personales se entienden los datos relativos a una persona f\u00edsica viva que pueda ser identificada a partir de dichos datos (o de \u00e9stos y de otra informaci\u00f3n que obre en nuestro poder o pueda llegar a obrar en nuestro poder).<\/li>\n\n\n\n<li><strong>Datos de uso<\/strong>Los Datos de Uso son datos recogidos autom\u00e1ticamente generados por el uso del Servicio o por la propia infraestructura del Servicio (por ejemplo, la duraci\u00f3n de la visita a una p\u00e1gina).<\/li>\n\n\n\n<li><strong>Cookies<\/strong>Las cookies son peque\u00f1os archivos que se almacenan en su dispositivo (ordenador o dispositivo m\u00f3vil). Las \"cookies\" son peque\u00f1os archivos que se almacenan en los ordenadores de los usuarios. Dentro de las cookies se puede almacenar distinta informaci\u00f3n. Una cookie sirve principalmente para almacenar la informaci\u00f3n sobre un usuario (o el dispositivo en el que se almacena la cookie) durante o despu\u00e9s de su visita a una oferta en l\u00ednea. Las cookies temporales, o \"cookies de sesi\u00f3n\" o \"cookies transitorias\", son cookies que se eliminan despu\u00e9s de que el usuario abandone un servicio en l\u00ednea y cierre su navegador. En este tipo de cookies se almacena, por ejemplo, el contenido de una cesta de la compra en una tienda en l\u00ednea o un estado de inicio de sesi\u00f3n. \"Persistentes\" o \"persistentes\" se refiere a las cookies que permanecen almacenadas incluso despu\u00e9s de cerrar el navegador. As\u00ed, por ejemplo, el estado de inicio de sesi\u00f3n se guardar\u00e1 si los usuarios lo visitan despu\u00e9s de varios d\u00edas. Asimismo, en una cookie de este tipo se pueden almacenar los intereses de los usuarios, que se utilizan para medir el alcance o con fines de marketing. Una \"cookie de terceros\" se refiere a las cookies que son ofrecidas por proveedores distintos del responsable de proporcionar la oferta en l\u00ednea (de lo contrario, si s\u00f3lo sus cookies se denominan \"cookies de origen\"). Podemos utilizar cookies temporales y permanentes y aclarar esto en el contexto de nuestra pol\u00edtica de privacidad En la medida en que pedimos a los usuarios su consentimiento para el uso de cookies (por ejemplo, en el contexto de un consentimiento de cookies), la base jur\u00eddica de este tratamiento es el art\u00edculo 6 (1) lit. a. DSGVO. De lo contrario, las cookies personales de los usuarios de acuerdo con las siguientes explicaciones en el contexto de esta Pol\u00edtica de Privacidad sobre la base de nuestros intereses leg\u00edtimos (es decir, el inter\u00e9s en el an\u00e1lisis, la optimizaci\u00f3n y el funcionamiento econ\u00f3mico de nuestra oferta en l\u00ednea en el sentido del Art. 6 apartado 1 lit. DSGVO) o si es necesario el uso de cookies para prestar nuestros servicios contractuales, de conformidad con el Art. Art. 6 para. 1 lit. b. DSGVO, o si el uso de cookies es necesario para la realizaci\u00f3n de una tarea que es de inter\u00e9s p\u00fablico o en el ejercicio de la autoridad oficial, de conformidad con. Art. 6 para. 1 lit. e. DSGVO, procesado. Si el usuario no desea que se almacenen cookies en su equipo, se le pedir\u00e1 que desactive la opci\u00f3n en la configuraci\u00f3n del sistema de su navegador. Las cookies guardadas pueden eliminarse en la configuraci\u00f3n del sistema del navegador. La exclusi\u00f3n de las cookies puede dar lugar a restricciones funcionales de esta oferta en l\u00ednea. Puede encontrar una objeci\u00f3n general al uso de cookies con fines de marketing en l\u00ednea en diversos servicios, especialmente en el caso del seguimiento, a trav\u00e9s del sitio web de EE.UU.&nbsp;<a href=\"https:\/\/siebweb.com\/privacy-policy\/#\" target=\"_blank\" rel=\"noopener\">http:\/\/www.aboutads.info\/choices\/<\/a>&nbsp;o el sitio de la UE http:\/\/www.youronlinechoices.com\/ se explicar\u00e1. Adem\u00e1s, el almacenamiento de cookies puede lograrse desactiv\u00e1ndolas en la configuraci\u00f3n del navegador. Tenga en cuenta que no se pueden utilizar todas las funciones de esta oferta en l\u00ednea.<\/li>\n\n\n\n<li><strong>Controlador de datos<\/strong>Responsable del tratamiento es la persona f\u00edsica o jur\u00eddica que (por s\u00ed sola o conjuntamente o en com\u00fan con otras personas) determina los fines para los cuales y la forma en que cualquier informaci\u00f3n personal es, o va a ser, procesada.A los efectos de esta Pol\u00edtica de Privacidad, somos un Responsable del tratamiento de sus Datos Personales.<\/li>\n\n\n\n<li><strong>Procesadores de datos (o proveedores de servicios)<\/strong>Encargado del tratamiento (o proveedor de servicios): cualquier persona f\u00edsica o jur\u00eddica que trate los datos en nombre del responsable del tratamiento.<\/li>\n\n\n\n<li><strong>Interesado (o usuario)<\/strong>El interesado es toda persona f\u00edsica viva que utiliza nuestro Servicio y es objeto de Datos Personales.<\/li>\n<\/ul>\n\n\n\n<h4 class=\"wp-block-heading\">Recogida y uso de la informaci\u00f3n<\/h4>\n\n\n\n<p>Recopilamos distintos tipos de informaci\u00f3n con diversos fines para prestarle y mejorar nuestro Servicio.<\/p>\n\n\n\n<h3 class=\"wp-block-heading\">Tipos de datos recogidos<\/h3>\n\n\n\n<h4 class=\"wp-block-heading\">Datos personales<\/h4>\n\n\n\n<p>Al utilizar nuestro Servicio, es posible que le pidamos que nos proporcione cierta informaci\u00f3n de identificaci\u00f3n personal que puede utilizarse para ponernos en contacto con usted o identificarle (\"Datos personales\"). La informaci\u00f3n de identificaci\u00f3n personal puede incluir, pero no se limita a:<\/p>\n\n\n\n<ul class=\"wp-block-list\">\n<li>Direcci\u00f3n de correo electr\u00f3nico<\/li>\n\n\n\n<li>Nombre y apellidos<\/li>\n\n\n\n<li>N\u00famero de tel\u00e9fono<\/li>\n\n\n\n<li>Cookies y datos de uso<\/li>\n<\/ul>\n\n\n\n<p>Podemos utilizar sus Datos Personales para ponernos en contacto con usted y enviarle boletines informativos, material promocional o de marketing y otra informaci\u00f3n que pueda ser de su inter\u00e9s. Puede optar por no recibir ninguna o ninguna de estas comunicaciones de nuestra parte siguiendo el enlace de cancelaci\u00f3n de suscripci\u00f3n o las instrucciones proporcionadas en cualquier correo electr\u00f3nico que le enviemos o poni\u00e9ndose en contacto con nosotros.<\/p>\n\n\n\n<h4 class=\"wp-block-heading\">Datos de uso<\/h4>\n\n\n\n<p>Tambi\u00e9n podemos recopilar informaci\u00f3n sobre c\u00f3mo se accede al Servicio y c\u00f3mo se utiliza (\"Datos de uso\"). Estos Datos de Uso pueden incluir informaci\u00f3n como la direcci\u00f3n de Protocolo de Internet de su ordenador (por ejemplo, la direcci\u00f3n IP), el tipo de navegador, la versi\u00f3n del navegador, las p\u00e1ginas de nuestro Servicio que visita, la hora y la fecha de su visita, el tiempo empleado en esas p\u00e1ginas, identificadores \u00fanicos de dispositivos y otros datos de diagn\u00f3stico.<\/p>\n\n\n\n<h4 class=\"wp-block-heading\">Datos de seguimiento y cookies<\/h4>\n\n\n\n<p>Utilizamos cookies y tecnolog\u00edas de seguimiento similares para rastrear la actividad en nuestro Servicio y guardamos cierta informaci\u00f3n.<\/p>\n\n\n\n<p>Las cookies son archivos con una peque\u00f1a cantidad de datos que pueden incluir un identificador \u00fanico an\u00f3nimo. Las cookies se env\u00edan a su navegador desde un sitio web y se almacenan en su dispositivo. Tambi\u00e9n se utilizan otras tecnolog\u00edas de seguimiento como balizas, etiquetas y scripts para recopilar y rastrear informaci\u00f3n y para mejorar y analizar nuestro Servicio.<\/p>\n\n\n\n<p>Puede configurar su navegador para que rechace todas las cookies o para que le indique cu\u00e1ndo se env\u00eda una cookie. Sin embargo, si no acepta las cookies, es posible que no pueda utilizar algunas partes de nuestro Servicio.<\/p>\n\n\n\n<p>Ejemplos de cookies que utilizamos:<\/p>\n\n\n\n<ul class=\"wp-block-list\">\n<li><strong>Cookies de sesi\u00f3n.<\/strong>&nbsp;Utilizamos Cookies de Sesi\u00f3n para operar nuestro Servicio.<\/li>\n\n\n\n<li><strong>Cookies de preferencias.<\/strong>&nbsp;Utilizamos cookies de preferencias para recordar sus preferencias y diversos ajustes.<\/li>\n\n\n\n<li><strong>Cookies de seguridad.<\/strong>&nbsp;Utilizamos cookies de seguridad por motivos de seguridad.<\/li>\n<\/ul>\n\n\n\n<h4 class=\"wp-block-heading\">Uso de los datos<\/h4>\n\n\n\n<p>Eduardo Sieber utiliza los datos recogidos para diversos fines:<\/p>\n\n\n\n<ul class=\"wp-block-list\">\n<li>Para prestar y mantener nuestro Servicio<\/li>\n\n\n\n<li>Para notificarle cambios en nuestro Servicio<\/li>\n\n\n\n<li>Permitirle participar en funciones interactivas de nuestro Servicio cuando usted decida hacerlo<\/li>\n\n\n\n<li>Prestar asistencia al cliente<\/li>\n\n\n\n<li>Para recopilar an\u00e1lisis o informaci\u00f3n valiosa para que podamos mejorar nuestro Servicio<\/li>\n\n\n\n<li>Supervisar el uso de nuestro Servicio<\/li>\n\n\n\n<li>Detectar, prevenir y resolver problemas t\u00e9cnicos<\/li>\n\n\n\n<li>Proporcionarle noticias, ofertas especiales e informaci\u00f3n general sobre otros productos, servicios y eventos que ofrezcamos y que sean similares a los que ya ha comprado o sobre los que ha preguntado, a menos que haya optado por no recibir dicha informaci\u00f3n.<\/li>\n<\/ul>\n\n\n\n<h4 class=\"wp-block-heading\">Base jur\u00eddica para el tratamiento de datos personales en virtud del Reglamento general de protecci\u00f3n de datos (RGPD)<\/h4>\n\n\n\n<p>Si usted procede del Espacio Econ\u00f3mico Europeo (EEE), la base jur\u00eddica de Eduardo Sieber para recoger y utilizar la informaci\u00f3n personal descrita en esta Pol\u00edtica de Privacidad depende de los Datos Personales que recogemos y del contexto espec\u00edfico en el que los recogemos.<\/p>\n\n\n\n<p>Eduardo Sieber puede tratar sus Datos Personales porque:<\/p>\n\n\n\n<ul class=\"wp-block-list\">\n<li>Necesitamos cumplir un contrato con usted<\/li>\n\n\n\n<li>Nos ha dado permiso para hacerlo<\/li>\n\n\n\n<li>El tratamiento responde a nuestros intereses leg\u00edtimos y no se ve anulado por sus derechos.<\/li>\n\n\n\n<li>A efectos de procesamiento de pagos<\/li>\n\n\n\n<li>Cumplir la ley<\/li>\n<\/ul>\n\n\n\n<h4 class=\"wp-block-heading\">Conservaci\u00f3n de datos<\/h4>\n\n\n\n<p>Eduardo Sieber conservar\u00e1 sus Datos Personales s\u00f3lo durante el tiempo que sea necesario para los fines establecidos en esta Pol\u00edtica de Privacidad. Conservaremos y utilizaremos sus Datos Personales en la medida necesaria para cumplir con nuestras obligaciones legales (por ejemplo, si estamos obligados a conservar sus datos para cumplir con las leyes aplicables), resolver conflictos y hacer cumplir nuestros acuerdos legales y pol\u00edticas.<\/p>\n\n\n\n<p>Eduardo Sieber tambi\u00e9n conservar\u00e1 los Datos de Uso para fines de an\u00e1lisis interno. Por lo general, los Datos de Uso se conservan durante un per\u00edodo de tiempo m\u00e1s corto, excepto cuando estos datos se utilizan para reforzar la seguridad o mejorar la funcionalidad de nuestro Servicio, o estamos legalmente obligados a conservar estos datos durante per\u00edodos m\u00e1s largos.<\/p>\n\n\n\n<h4 class=\"wp-block-heading\">Transferencia de datos<\/h4>\n\n\n\n<p>Su informaci\u00f3n, incluidos los Datos Personales, puede transferirse a ordenadores situados fuera de su estado, provincia, pa\u00eds u otra jurisdicci\u00f3n gubernamental en la que las leyes de protecci\u00f3n de datos puedan diferir de las de su jurisdicci\u00f3n, y mantenerse en dichos ordenadores.<\/p>\n\n\n\n<p>Si se encuentra fuera de Alemania y decide proporcionarnos informaci\u00f3n, tenga en cuenta que transferimos los datos, incluidos los datos personales, a Alemania y los procesamos all\u00ed.<\/p>\n\n\n\n<p>Su consentimiento a esta Pol\u00edtica de Privacidad seguido de su env\u00edo de dicha informaci\u00f3n representa su acuerdo a dicha transferencia.<\/p>\n\n\n\n<p>Eduardo Sieber tomar\u00e1 todas las medidas razonablemente necesarias para garantizar que sus datos sean tratados de forma segura y de acuerdo con esta Pol\u00edtica de Privacidad y no se realizar\u00e1 ninguna transferencia de sus Datos Personales a una organizaci\u00f3n o pa\u00eds sin que existan controles adecuados que incluyan la seguridad de sus datos y otra informaci\u00f3n personal.<\/p>\n\n\n\n<h3 class=\"wp-block-heading\">Divulgaci\u00f3n de datos<\/h3>\n\n\n\n<h4 class=\"wp-block-heading\">Requisitos legales<\/h4>\n\n\n\n<p>Eduardo Sieber puede revelar sus Datos Personales en la creencia de buena fe de que dicha acci\u00f3n es necesaria para:<\/p>\n\n\n\n<ul class=\"wp-block-list\">\n<li>Para cumplir una obligaci\u00f3n legal<\/li>\n\n\n\n<li>Proteger y defender los derechos o la propiedad de Eduardo Sieber<\/li>\n\n\n\n<li>Para prevenir o investigar posibles irregularidades en relaci\u00f3n con el Servicio<\/li>\n\n\n\n<li>Proteger la seguridad personal de los usuarios del Servicio o del p\u00fablico.<\/li>\n\n\n\n<li>Para protegerse de la responsabilidad legal<\/li>\n<\/ul>\n\n\n\n<h4 class=\"wp-block-heading\">Seguridad de los datos<\/h4>\n\n\n\n<p>La seguridad de sus datos es importante para nosotros, pero recuerde que ning\u00fan m\u00e9todo de transmisi\u00f3n por Internet o m\u00e9todo de almacenamiento electr\u00f3nico es 100% seguro. Aunque nos esforzamos por utilizar medios comercialmente aceptables para proteger sus Datos Personales, no podemos garantizar su seguridad absoluta.<\/p>\n\n\n\n<h4 class=\"wp-block-heading\">Sus derechos de protecci\u00f3n de datos en virtud del Reglamento General de Protecci\u00f3n de Datos (RGPD)<\/h4>\n\n\n\n<p>Si usted reside en el Espacio Econ\u00f3mico Europeo (EEE), tiene determinados derechos en materia de protecci\u00f3n de datos. Eduardo Sieber tiene como objetivo tomar medidas razonables para permitirle corregir, modificar, eliminar o limitar el uso de sus Datos Personales.<\/p>\n\n\n\n<p>Si desea que le informemos sobre los Datos Personales que tenemos sobre usted y si quiere que los eliminemos de nuestros sistemas, p\u00f3ngase en contacto con nosotros.<\/p>\n\n\n\n<p>En determinadas circunstancias, usted tiene los siguientes derechos de protecci\u00f3n de datos:<\/p>\n\n\n\n<ul class=\"wp-block-list\">\n<li><strong>Derecho a acceder a la informaci\u00f3n que tenemos sobre usted, actualizarla o eliminarla.<\/strong>&nbsp;Siempre que sea posible, puede acceder a sus Datos Personales, actualizarlos o solicitar su eliminaci\u00f3n directamente en la secci\u00f3n de configuraci\u00f3n de su cuenta. Si no puede realizar estas acciones usted mismo, p\u00f3ngase en contacto con nosotros para que le ayudemos.<\/li>\n\n\n\n<li><strong>Derecho de rectificaci\u00f3n.<\/strong>&nbsp;Tiene derecho a que se rectifiquen sus datos si son inexactos o incompletos.<\/li>\n\n\n\n<li><strong>Derecho de oposici\u00f3n.<\/strong>&nbsp;Tiene derecho a oponerse a que procesemos sus Datos Personales.<\/li>\n\n\n\n<li><strong>El derecho de restricci\u00f3n.<\/strong>&nbsp;Tiene derecho a solicitar que restrinjamos el tratamiento de sus datos personales.<\/li>\n\n\n\n<li><strong>Derecho a la portabilidad de los datos.<\/strong>&nbsp;Tiene derecho a recibir una copia de la informaci\u00f3n que tenemos sobre usted en un formato estructurado, legible por m\u00e1quina y de uso com\u00fan.<\/li>\n\n\n\n<li><strong>Derecho a retirar el consentimiento.<\/strong>&nbsp;Tambi\u00e9n tiene derecho a retirar su consentimiento en cualquier momento cuando Eduardo Sieber se haya basado en su consentimiento para procesar su informaci\u00f3n personal.<\/li>\n<\/ul>\n\n\n\n<p>Tenga en cuenta que podemos pedirle que verifique su identidad antes de responder a dichas solicitudes.<\/p>\n\n\n\n<p>Usted tiene derecho a reclamar ante una Autoridad de Protecci\u00f3n de Datos acerca de nuestra recopilaci\u00f3n y uso de sus Datos Personales. Para m\u00e1s informaci\u00f3n, p\u00f3ngase en contacto con su autoridad local de protecci\u00f3n de datos en el Espacio Econ\u00f3mico Europeo (EEE).<\/p>\n\n\n\n<h4 class=\"wp-block-heading\">Proveedores de servicios<\/h4>\n\n\n\n<p>Podemos emplear a terceras empresas y particulares para facilitar nuestro Servicio (\"Proveedores de Servicios\"), prestar el Servicio en nuestro nombre, realizar servicios relacionados con el Servicio o ayudarnos a analizar c\u00f3mo se utiliza nuestro Servicio.<\/p>\n\n\n\n<p>Estos terceros s\u00f3lo tienen acceso a sus Datos Personales para realizar estas tareas en nuestro nombre y est\u00e1n obligados a no divulgarlos ni utilizarlos para ning\u00fan otro fin.<\/p>\n\n\n\n<h4 class=\"wp-block-heading\">Anal\u00edtica<\/h4>\n\n\n\n<p>Podemos utilizar proveedores de servicios externos para supervisar y analizar el uso de nuestro Servicio.<\/p>\n\n\n\n<ul class=\"wp-block-list\">\n<li><strong>Google Analytics<\/strong>Google Analytics es un servicio de an\u00e1lisis web ofrecido por Google que rastrea e informa sobre el tr\u00e1fico del sitio web. Google utiliza los datos recopilados para rastrear y supervisar el uso de nuestro Servicio. Estos datos se comparten con otros servicios de Google. Google puede utilizar los datos recopilados para contextualizar y personalizar los anuncios de su propia red publicitaria. Usted puede optar por no poner su actividad en el Servicio a disposici\u00f3n de Google Analytics instalando el complemento de inhabilitaci\u00f3n para navegadores de Google Analytics. El complemento impide que el JavaScript de Google Analytics (ga.js, analytics.js y dc.js) comparta informaci\u00f3n con Google Analytics sobre la actividad de las visitas.Para obtener m\u00e1s informaci\u00f3n sobre las pr\u00e1cticas de privacidad de Google, visite la p\u00e1gina web de privacidad y condiciones de Google:&nbsp;<a href=\"https:\/\/policies.google.com\/privacy?hl=en\" target=\"_blank\" rel=\"noopener\">https:\/\/policies.google.com\/privacy?hl=en<\/a><\/li>\n<\/ul>\n\n\n\n<h4 class=\"wp-block-heading\">Pagos<\/h4>\n\n\n\n<p>Podemos ofrecer productos y\/o servicios de pago dentro del Servicio. En ese caso, utilizamos servicios de terceros para el procesamiento de pagos (por ejemplo, procesadores de pagos).<\/p>\n\n\n\n<p>No almacenaremos ni recopilaremos los datos de su tarjeta de pago. Esa informaci\u00f3n se facilita directamente a nuestros procesadores de pagos externos, cuyo uso de sus datos personales se rige por su Pol\u00edtica de Privacidad. Estos procesadores de pagos se adhieren a las normas establecidas por PCI-DSS, gestionadas por el PCI Security Standards Council, que es un esfuerzo conjunto de marcas como Visa, MasterCard, American Express y Discover. Los requisitos PCI-DSS ayudan a garantizar el tratamiento seguro de la informaci\u00f3n de pago.<\/p>\n\n\n\n<p>Los procesadores de pagos con los que trabajamos son:<\/p>\n\n\n\n<ul class=\"wp-block-list\">\n<li><strong>Raya<\/strong>Su pol\u00edtica de privacidad puede consultarse en&nbsp;<a href=\"https:\/\/stripe.com\/us\/privacy\" target=\"_blank\" rel=\"noopener\">https:\/\/stripe.com\/us\/privacy<\/a><\/li>\n\n\n\n<li><strong>PayPal \/ Braintree<\/strong>Su pol\u00edtica de privacidad puede consultarse en&nbsp;<a href=\"https:\/\/www.paypal.com\/webapps\/mpp\/ua\/privacy-full\" target=\"_blank\" rel=\"noopener\">https:\/\/www.paypal.com\/webapps\/mpp\/ua\/privacy-full<\/a><\/li>\n<\/ul>\n\n\n\n<h4 class=\"wp-block-heading\">Enlaces a otros sitios<\/h4>\n\n\n\n<p>Nuestro Servicio puede contener enlaces a otros sitios que no son operados por nosotros. Si hace clic en un enlace de terceros, ser\u00e1 dirigido al sitio de ese tercero. Le recomendamos encarecidamente que revise la Pol\u00edtica de Privacidad de cada sitio que visite.<\/p>\n\n\n\n<p>No tenemos ning\u00fan control ni asumimos ninguna responsabilidad por el contenido, las pol\u00edticas de privacidad o las pr\u00e1cticas de los sitios o servicios de terceros.<\/p>\n\n\n\n<h4 class=\"wp-block-heading\">Privacidad infantil<\/h4>\n\n\n\n<p>Nuestro Servicio no se dirige a menores de 18 a\u00f1os (\"Ni\u00f1os\").<\/p>\n\n\n\n<p>No recopilamos conscientemente informaci\u00f3n personal identificable de menores de 18 a\u00f1os. Si usted es padre o tutor y tiene conocimiento de que su hijo nos ha proporcionado Datos Personales, p\u00f3ngase en contacto con nosotros. Si tenemos conocimiento de que hemos recopilado Datos Personales de ni\u00f1os sin verificar el consentimiento paterno, tomamos medidas para eliminar esa informaci\u00f3n de nuestros servidores.<\/p>\n\n\n\n<h4 class=\"wp-block-heading\">Cambios en esta pol\u00edtica de privacidad<\/h4>\n\n\n\n<p>Es posible que actualicemos nuestra Pol\u00edtica de Privacidad de vez en cuando. Le notificaremos cualquier cambio publicando la nueva Pol\u00edtica de Privacidad en esta p\u00e1gina.<\/p>\n\n\n\n<p>Le informaremos por correo electr\u00f3nico y\/o mediante un aviso destacado en nuestro Servicio, antes de que el cambio entre en vigor y actualizaremos la \"fecha de entrada en vigor\" en la parte superior de esta Pol\u00edtica de Privacidad.<\/p>\n\n\n\n<p>Le aconsejamos que revise peri\u00f3dicamente esta Pol\u00edtica de Privacidad para comprobar si se han producido cambios. Las modificaciones de esta Pol\u00edtica de Privacidad entrar\u00e1n en vigor cuando se publiquen en esta p\u00e1gina.<\/p>\n\n\n\n<h4 class=\"wp-block-heading\">Contacte con nosotros<\/h4>\n\n\n\n<p>Si tiene alguna pregunta sobre esta Pol\u00edtica de privacidad, p\u00f3ngase en contacto con nosotros:<\/p>\n\n\n\n<ul class=\"wp-block-list\">\n<li>Por correo electr\u00f3nico: <a href=\"mailto:hi@sieberedu.com\">hi@sieberedu.com<\/a><\/li>\n\n\n\n<li>Visitando esta p\u00e1gina de nuestro sitio web:&nbsp;<a href=\"https:\/\/sieberedu.com\/es\/pongase-en-contacto-con\/\">https:\/\/sieberedu.com\/contact<\/a><\/li>\n<\/ul>","protected":false},"excerpt":{"rendered":"<p>Effective date: July 30, 2019 Eduardo Sieber (\u201cus\u201d, \u201cwe\u201d, or \u201cour\u201d) operates [&hellip;]<\/p>\n","protected":false},"author":1,"featured_media":0,"parent":0,"menu_order":0,"comment_status":"closed","ping_status":"open","template":"","meta":{"footnotes":""},"class_list":["post-3","page","type-page","status-publish","hentry"],"_links":{"self":[{"href":"https:\/\/sieberedu.com\/es\/wp-json\/wp\/v2\/pages\/3","targetHints":{"allow":["GET"]}}],"collection":[{"href":"https:\/\/sieberedu.com\/es\/wp-json\/wp\/v2\/pages"}],"about":[{"href":"https:\/\/sieberedu.com\/es\/wp-json\/wp\/v2\/types\/page"}],"author":[{"embeddable":true,"href":"https:\/\/sieberedu.com\/es\/wp-json\/wp\/v2\/users\/1"}],"replies":[{"embeddable":true,"href":"https:\/\/sieberedu.com\/es\/wp-json\/wp\/v2\/comments?post=3"}],"version-history":[{"count":3,"href":"https:\/\/sieberedu.com\/es\/wp-json\/wp\/v2\/pages\/3\/revisions"}],"predecessor-version":[{"id":630,"href":"https:\/\/sieberedu.com\/es\/wp-json\/wp\/v2\/pages\/3\/revisions\/630"}],"wp:attachment":[{"href":"https:\/\/sieberedu.com\/es\/wp-json\/wp\/v2\/media?parent=3"}],"curies":[{"name":"wp","href":"https:\/\/api.w.org\/{rel}","templated":true}]}}